{"id":12,"date":"2024-10-10T11:25:33","date_gmt":"2024-10-10T11:25:33","guid":{"rendered":"https:\/\/grupomalli.com.br\/?page_id=12"},"modified":"2024-10-15T20:05:59","modified_gmt":"2024-10-15T20:05:59","slug":"home","status":"publish","type":"page","link":"https:\/\/grupomalli.com.br\/","title":{"rendered":"Home"},"content":{"rendered":"\t\t<div data-elementor-type=\"wp-page\" data-elementor-id=\"12\" class=\"elementor elementor-12\" data-elementor-post-type=\"page\">\n\t\t\t\t<div class=\"elementor-element elementor-element-3e4a6cf ips e-flex e-con-boxed e-con e-parent\" data-id=\"3e4a6cf\" data-element_type=\"container\" data-settings=\"{&quot;background_background&quot;:&quot;classic&quot;}\">\n\t\t\t\t\t<div class=\"e-con-inner\">\n\t\t<div class=\"elementor-element elementor-element-a2c5f44 e-con-full e-flex e-con e-child\" data-id=\"a2c5f44\" data-element_type=\"container\">\n\t\t<div class=\"elementor-element elementor-element-1559e50 e-con-full e-flex e-con e-child\" data-id=\"1559e50\" data-element_type=\"container\">\n\t\t\t\t<div class=\"elementor-element elementor-element-2173d45 elementor-widget elementor-widget-image\" data-id=\"2173d45\" data-element_type=\"widget\" data-widget_type=\"image.default\">\n\t\t\t\t<div class=\"elementor-widget-container\">\n\t\t\t\t\t\t\t\t\t\t\t\t\t<img fetchpriority=\"high\" decoding=\"async\" width=\"1725\" height=\"652\" src=\"https:\/\/grupomalli.com.br\/wp-content\/uploads\/2024\/10\/LOGO-AGENCIA-2.png\" class=\"attachment-full size-full wp-image-56\" alt=\"\" srcset=\"https:\/\/grupomalli.com.br\/wp-content\/uploads\/2024\/10\/LOGO-AGENCIA-2.png.webp 1725w, https:\/\/grupomalli.com.br\/wp-content\/uploads\/2024\/10\/LOGO-AGENCIA-2-300x113.png 300w, https:\/\/grupomalli.com.br\/wp-content\/uploads\/2024\/10\/LOGO-AGENCIA-2-1024x387.png 1024w, https:\/\/grupomalli.com.br\/wp-content\/uploads\/2024\/10\/LOGO-AGENCIA-2-768x290.png 768w, https:\/\/grupomalli.com.br\/wp-content\/uploads\/2024\/10\/LOGO-AGENCIA-2-1536x581.png 1536w\" sizes=\"(max-width: 1725px) 100vw, 1725px\" \/>\t\t\t\t\t\t\t\t\t\t\t\t\t<\/div>\n\t\t\t\t<\/div>\n\t\t\t\t<\/div>\n\t\t<div class=\"elementor-element elementor-element-952ce7c e-con-full e-flex e-con e-child\" data-id=\"952ce7c\" data-element_type=\"container\">\n\t\t\t\t<div class=\"elementor-element elementor-element-136f6b2 elementor-align-center elementor-widget elementor-widget-button\" data-id=\"136f6b2\" data-element_type=\"widget\" data-widget_type=\"button.default\">\n\t\t\t\t<div class=\"elementor-widget-container\">\n\t\t\t\t\t<div class=\"elementor-button-wrapper\">\n\t\t\t<a class=\"elementor-button elementor-button-link elementor-size-sm\" href=\"https:\/\/agencia.grupomalli.com.br\/\">\n\t\t\t\t\t\t<span class=\"elementor-button-content-wrapper\">\n\t\t\t\t\t\t\t\t\t<span class=\"elementor-button-text\">Ag\u00eancia<\/span>\n\t\t\t\t\t<\/span>\n\t\t\t\t\t<\/a>\n\t\t<\/div>\n\t\t\t\t<\/div>\n\t\t\t\t<\/div>\n\t\t\t\t<div class=\"elementor-element elementor-element-682555b elementor-align-center elementor-widget elementor-widget-button\" data-id=\"682555b\" data-element_type=\"widget\" data-widget_type=\"button.default\">\n\t\t\t\t<div class=\"elementor-widget-container\">\n\t\t\t\t\t<div class=\"elementor-button-wrapper\">\n\t\t\t<a class=\"elementor-button elementor-button-link elementor-size-sm\" href=\"#\">\n\t\t\t\t\t\t<span class=\"elementor-button-content-wrapper\">\n\t\t\t\t\t\t\t\t\t<span class=\"elementor-button-text\">Empreendimentos<\/span>\n\t\t\t\t\t<\/span>\n\t\t\t\t\t<\/a>\n\t\t<\/div>\n\t\t\t\t<\/div>\n\t\t\t\t<\/div>\n\t\t\t\t<div class=\"elementor-element elementor-element-d99195c elementor-align-center elementor-widget elementor-widget-button\" data-id=\"d99195c\" data-element_type=\"widget\" data-widget_type=\"button.default\">\n\t\t\t\t<div class=\"elementor-widget-container\">\n\t\t\t\t\t<div class=\"elementor-button-wrapper\">\n\t\t\t<a class=\"elementor-button elementor-button-link elementor-size-sm\" href=\"https:\/\/agencia.grupomalli.com.br\/ong\/\">\n\t\t\t\t\t\t<span class=\"elementor-button-content-wrapper\">\n\t\t\t\t\t\t\t\t\t<span class=\"elementor-button-text\">M\u00e3os que doam<\/span>\n\t\t\t\t\t<\/span>\n\t\t\t\t\t<\/a>\n\t\t<\/div>\n\t\t\t\t<\/div>\n\t\t\t\t<\/div>\n\t\t\t\t<\/div>\n\t\t\t\t<\/div>\n\t\t<div class=\"elementor-element elementor-element-94d49e7 e-con-full e-flex e-con e-child\" data-id=\"94d49e7\" data-element_type=\"container\">\n\t\t\t\t<div class=\"elementor-element elementor-element-068e644 elementor-widget elementor-widget-heading\" data-id=\"068e644\" data-element_type=\"widget\" data-widget_type=\"heading.default\">\n\t\t\t\t<div class=\"elementor-widget-container\">\n\t\t\t<h2 class=\"elementor-heading-title elementor-size-default\">Acreditamos que pessoas e organiza\u00e7\u00f5es s\u00e3o capacitadas para<\/h2>\t\t<\/div>\n\t\t\t\t<\/div>\n\t\t<div class=\"elementor-element elementor-element-568682c e-con-full e-flex e-con e-child\" data-id=\"568682c\" data-element_type=\"container\">\n\t\t\t\t<div class=\"elementor-element elementor-element-f5cd0d9 elementor-widget elementor-widget-heading\" data-id=\"f5cd0d9\" data-element_type=\"widget\" data-widget_type=\"heading.default\">\n\t\t\t\t<div class=\"elementor-widget-container\">\n\t\t\t<h2 class=\"elementor-heading-title elementor-size-default\">realizar o<\/h2>\t\t<\/div>\n\t\t\t\t<\/div>\n\t\t\t\t<div class=\"elementor-element elementor-element-0fde75d premium-atext__switch elementor-widget elementor-widget-premium-addon-fancy-text\" data-id=\"0fde75d\" data-element_type=\"widget\" data-widget_type=\"premium-addon-fancy-text.default\">\n\t\t\t\t<div class=\"elementor-widget-container\">\n\t\t\t\t\t<div class=\"premium-atext__wrapper premium-atext__rotate \" data-start-effect=\"page_load\" data-settings=\"{&quot;effect&quot;:&quot;rotate&quot;,&quot;delay&quot;:&quot;&quot;,&quot;count&quot;:&quot;&quot;,&quot;loading&quot;:false,&quot;style&quot;:&quot;switch&quot;}\">\n\n\t\t\t<h3 class=\"premium-atext__headline\">\n\t\t\t\n\t\t\t\t\t\t<div class=\"premium-atext__text\" style='display: inline-block; text-align: center'>\n\t\t\t\t<ul class=\"premium-atext__items-wrapper\">\n\t\t\t\t\t\t\t\t\t<li class=\"premium-fancy-list-items premium-fancy-item-visible\">\n\t\t\t\t\t\t\tIncr\u00edvel\t\t\t\t\t\t<\/li>\n\t\t\t\t\t\t\t\t\t\t\t<li class=\"premium-fancy-list-items premium-fancy-item-hidden\">\n\t\t\t\t\t\t\tNot\u00e1vel\t\t\t\t\t\t<\/li>\n\t\t\t\t\t\t\t\t\t\t\t<li class=\"premium-fancy-list-items premium-fancy-item-hidden\">\n\t\t\t\t\t\t\tExcepcional\t\t\t\t\t\t<\/li>\n\t\t\t\t\t\t\t\t\t\t\t<li class=\"premium-fancy-list-items premium-fancy-item-hidden\">\n\t\t\t\t\t\t\tAdmir\u00e1vel\t\t\t\t\t\t<\/li>\n\t\t\t\t\t\t\t\t\t\t\t<li class=\"premium-fancy-list-items premium-fancy-item-hidden\">\n\t\t\t\t\t\t\tExtraordin\u00e1rio\t\t\t\t\t\t<\/li>\n\t\t\t\t\t\t\t\t\t\t\t<li class=\"premium-fancy-list-items premium-fancy-item-hidden\">\n\t\t\t\t\t\t\tSurpreendente\t\t\t\t\t\t<\/li>\n\t\t\t\t\t\t\t\t\t<\/ul>\n\t\t\t<\/div>\n\t\t\t\n\t\t\t\n\t\t\t\n\t\t\t<\/h3>\n\t\t<\/div>\n\t\t\t\t<\/div>\n\t\t\t\t<\/div>\n\t\t\t\t<\/div>\n\t\t<div class=\"elementor-element elementor-element-5a0fe94 e-con-full e-flex e-con e-child\" data-id=\"5a0fe94\" data-element_type=\"container\">\n\t\t\t\t<div class=\"elementor-element elementor-element-6c15434 elementor-widget elementor-widget-html\" data-id=\"6c15434\" data-element_type=\"widget\" data-widget_type=\"html.default\">\n\t\t\t\t<div class=\"elementor-widget-container\">\n\t\t\t<meta http-equiv=\"refresh\" content=\"30; URL='https:\/\/agencia.grupomalli.com.br'\"\/>\t\t<\/div>\n\t\t\t\t<\/div>\n\t\t\t\t<\/div>\n\t\t\t\t<div class=\"elementor-element elementor-element-7992762 elementor-widget elementor-widget-text-editor\" data-id=\"7992762\" data-element_type=\"widget\" data-widget_type=\"text-editor.default\">\n\t\t\t\t<div class=\"elementor-widget-container\">\n\t\t\t\t\t\t\t<p>Voc\u00ea ser\u00e1 redirecionamento para a <strong>Ag\u00eancia Malli<\/strong> em 30 segundos<\/p>\t\t\t\t\t\t<\/div>\n\t\t\t\t<\/div>\n\t\t\t\t<\/div>\n\t\t\t\t\t<\/div>\n\t\t\t\t<\/div>\n\t\t\t\t<\/div>\n\t\t","protected":false},"excerpt":{"rendered":"<p>Ag\u00eancia Empreendimentos M\u00e3os que doam Acreditamos que pessoas e organiza\u00e7\u00f5es s\u00e3o capacitadas para realizar o Incr\u00edvel Not\u00e1vel Excepcional Admir\u00e1vel Extraordin\u00e1rio Surpreendente Voc\u00ea ser\u00e1 redirecionamento para a Ag\u00eancia Malli em 30 segundos<\/p>\n","protected":false},"author":1,"featured_media":0,"parent":0,"menu_order":0,"comment_status":"closed","ping_status":"closed","template":"elementor_canvas","meta":{"footnotes":""},"class_list":["post-12","page","type-page","status-publish","hentry"],"aioseo_notices":[],"_links":{"self":[{"href":"https:\/\/grupomalli.com.br\/index.php\/wp-json\/wp\/v2\/pages\/12","targetHints":{"allow":["GET"]}}],"collection":[{"href":"https:\/\/grupomalli.com.br\/index.php\/wp-json\/wp\/v2\/pages"}],"about":[{"href":"https:\/\/grupomalli.com.br\/index.php\/wp-json\/wp\/v2\/types\/page"}],"author":[{"embeddable":true,"href":"https:\/\/grupomalli.com.br\/index.php\/wp-json\/wp\/v2\/users\/1"}],"replies":[{"embeddable":true,"href":"https:\/\/grupomalli.com.br\/index.php\/wp-json\/wp\/v2\/comments?post=12"}],"version-history":[{"count":181,"href":"https:\/\/grupomalli.com.br\/index.php\/wp-json\/wp\/v2\/pages\/12\/revisions"}],"predecessor-version":[{"id":233,"href":"https:\/\/grupomalli.com.br\/index.php\/wp-json\/wp\/v2\/pages\/12\/revisions\/233"}],"wp:attachment":[{"href":"https:\/\/grupomalli.com.br\/index.php\/wp-json\/wp\/v2\/media?parent=12"}],"curies":[{"name":"wp","href":"https:\/\/api.w.org\/{rel}","templated":true}]}}